{"id":56,"date":"2020-02-29T16:15:44","date_gmt":"2020-02-29T15:15:44","guid":{"rendered":"http:\/\/wannyn.be\/index.php\/dark-cv-template\/"},"modified":"2023-01-12T15:12:23","modified_gmt":"2023-01-12T14:12:23","slug":"dark-cv-template","status":"publish","type":"page","link":"https:\/\/www.wannyn.be\/","title":{"rendered":"Dark CV Template"},"content":{"rendered":"<p><!-- start Paragraph --><br \/>\n&#8211;  LOIC WANNYN<br \/>\n\t\t\t<!-- end Paragraph --><!-- start Title --><br \/>\nAdministrateur R\u00e9seaux &#038; Syst\u00e8mes<br \/>\n\t\t\t<!-- end Title --><!-- start Paragraph --><br \/>\nBienvenue!<br \/>\n\t\t\t<!-- end Paragraph --><!-- start Paragraph --><br \/>\nJe suis Ing\u00e9nieur R\u00e9seaux &amp; Syst\u00e8mes. Je suis titulaire d\u2019un Bachelier en Informatique et Syst\u00e8me (Finalit\u00e9 Technologie de l\u2019Informatique) de la Haute Ecole Louvain en Hainaut (HELHa).<br \/>\n\t\t\t<!-- end Paragraph --><!-- start Paragraph --><br \/>\nApr\u00e8s avoir achev\u00e9 mes \u00e9tudes, j&rsquo;ai pu rejoindre l&rsquo;\u00e9quipe jeune et dynamique de la SSII Orditech, o\u00f9 j&rsquo;ai pu apprendre et ma\u00eetriser de nombreuses solutions.<br \/>\n\t\t\t<!-- end Paragraph --><!-- start Paragraph --><br \/>\nEn quelques ann\u00e9es, j\u2019ai donc pu r\u00e9aliser diff\u00e9rentes t\u00e2ches vari\u00e9es et toutes aussi enrichissantes les unes que les autres, tels que du d\u00e9pannage r\u00e9seaux ou syst\u00e8mes, du remplacement d\u2019infrastructures IT, de l\u2019accompagnement\/conseils aux clients ainsi que de la gestion de projets, tant pour des soci\u00e9t\u00e9s priv\u00e9es que pour des institutions publiques.<br \/>\n\t\t\t<!-- end Paragraph --><!-- start Paragraph --><br \/>\nD\u00e9but 2022, j&rsquo;ai eu l&rsquo;occasion de faire partie de la soci\u00e9t\u00e9 Fnac Vanden Borre, o\u00f9 j&rsquo;ai pu me familiariser avec une infrastructure de grande ampleur, avec le plaisir de pouvoir faire \u00e9voluer les technologies.<br \/>\n\t\t\t<!-- end Paragraph --><!-- start Link hover effects set fourteen --><\/p>\n<nav id=\"uc_link_hover_cl-effect-14\">\n            <a href=\"#\">DOWNLOAD CV<\/a><br \/>\n        <\/nav>\n<p>\t\t\t<!-- end Link hover effects set fourteen --><br \/>\n\t\t\t<!-- start Line Seperator --><br \/>\n\t\t\t<!-- end Line Seperator --><br \/>\n\t\t\t<!-- start Super Clean Social Icons --><br \/>\n  <a href=\"https:\/\/www.facebook.com\/loic.wannyn\" target=\"_blank\" style=\" border-color:#ffffff;\" rel=\"noopener\"> Facebook<\/a><br \/>\n  <a href=\"#\" target=\"_blank\" style=\" border-color:#ffffff;\" rel=\"noopener\"> Twitter<\/a><br \/>\n  <a href=\"https:\/\/www.linkedin.com\/in\/loicwannyn\/\" target=\"_blank\" style=\" border-color:#ffffff;\" rel=\"noopener\"> LinkedIn<\/a><br \/>\n\t\t\t<!-- end Super Clean Social Icons --><br \/>\n\t\t\t<!-- start Title --><br \/>\n&#8211; Informations<br \/>\n\t\t\t<!-- end Title --><br \/>\n\t\t\t<!-- start Paragraph --><br \/>\nDate de naissance<br \/>\n\t\t\t<!-- end Paragraph --><!-- start Paragraph --><br \/>\n28 Octobre 1994<br \/>\n\t\t\t<!-- end Paragraph --><!-- start Line Seperator --><br \/>\n\t\t\t<!-- end Line Seperator --><br \/>\n\t\t\t<!-- start Paragraph --><br \/>\nAdresse<br \/>\n\t\t\t<!-- end Paragraph --><!-- start Paragraph --><br \/>\nLigne, Hainaut<br \/>\n\t\t\t<!-- end Paragraph --><!-- start Line Seperator --><br \/>\n\t\t\t<!-- end Line Seperator --><br \/>\n\t\t\t<!-- start Paragraph --><br \/>\nEmail<br \/>\n\t\t\t<!-- end Paragraph --><!-- start Paragraph --><br \/>\nloic@wannyn.be<br \/>\n\t\t\t<!-- end Paragraph --><!-- start Line Seperator --><br \/>\n\t\t\t<!-- end Line Seperator --><br \/>\n\t\t\t<!-- start Title --><br \/>\n&#8211; Exp\u00e9riences<br \/>\n\t\t\t<!-- end Title --><!-- start Icon Timeline --><\/p>\n<ul id=\"uc_blox_icon_timeline224372\">\n<li>\n                Administrateur R\u00e9seaux &#038; Syst\u00e8mes<br \/>\n                &#8211; Consultance IT dans le secteur publique et industriel en Belgique et en France<br \/>\n&#8211; Gestion et mise en place de firewalls Fortinet et Sonic Wall, NAS Synology, baie de disques HPE et NEC<br \/>\n&#8211; Switching sur HPE, Aruba, Cisco et Allied Telesis<br \/>\n&#8211; Mise en place et gestion d&rsquo;infra virtuelle sous VMware et Hyper-V<br \/>\n&#8211; R\u00e9alisation d&rsquo;infrastructure avec stockage virtuel (HP VSA)<br \/>\n&#8211; Ma\u00eetrise de la VDI sous VMware Horizon<br \/>\n                09\/2015 &#8211; Aujourd&rsquo;hui\n        <\/li>\n<li>\n                Stagiaire Admin R\u00e9seaux &#038; Syst\u00e8mes<br \/>\n                R\u00e9alisations de diff\u00e9rents projets tournant pour la plupart autour d&rsquo;Office 365:<br \/>\n&#8211; Mise en place d&rsquo;une synchronisation local-cloud des utilisateurs d&rsquo;un Active Directory local vers Office 365.<br \/>\n&#8211; R\u00e9alisation de scripts pour la gestion en masse des droits et autorisations d&rsquo;utilisateurs et bo\u00eetes mails partag\u00e9es dans Exchange Online.<br \/>\n&#8211; Mise en place et configuration d&rsquo;un serveur Exchange 2013 et test de migration de ce dernier vers Office 365 avec l&rsquo;outil SkyKick.<br \/>\n                02\/2015 &#8211; 05\/2015\n        <\/li>\n<li>\n                Job Etudiant<br \/>\n                Moniteur dans le cadre des plaines de jeux de Silly<br \/>\n                2011 &#8211; 2015\n        <\/li>\n<\/ul>\n<p>\t\t\t<!-- end Icon Timeline --><br \/>\n\t\t\t<!-- start Line Seperator --><br \/>\n\t\t\t<!-- end Line Seperator --><br \/>\n\t\t\t<!-- start Title --><br \/>\n&#8211; SKILLS<br \/>\n\t\t\t<!-- end Title --><br \/>\n\t\t\t<!-- start Bar Counter --><br \/>\n                Switching<br \/>\n                TCP\/IP<br \/>\n                Firewall<br \/>\n                VMware vSphere \/ vCenter \/ HA<br \/>\n\t\t\t<!-- end Bar Counter --><br \/>\n\t\t\t<!-- start Bar Counter --><br \/>\n                Windows server 2003-2019<br \/>\n                Hyper-V<br \/>\n                Exchange Server<br \/>\n                Backup Veeam<br \/>\n\t\t\t<!-- end Bar Counter --><br \/>\n\t\t\t<!-- start Title --><br \/>\n&#8211; CONTACT<br \/>\n\t\t\t<!-- end Title --><!-- start Lead Form --><\/p>\n<form class='uc-form' name='uc_form_form1'>\n\t\t<input type='text' name='full_name' placeholder='Nom complet' data-title='Nom complet' class='uc-form-field' data-required='true' value=''><br \/>\n\t\t<input type='text' name='email' placeholder='Email' data-title='Email' class='uc-form-field' data-required='true' value=''><br \/>\n\t\t<textarea name='message' placeholder='Message' data-title='Message' class='uc-form-field' data-required='true'><\/textarea><br \/>\n\t\t<input type=\"submit\" value=\"Send\"><br \/>\n<\/form>\n<p>\t\t\t<!-- end Lead Form --><br \/>\n\t\t\t<!-- start Google Maps --><br \/>\n\t\t\t<!-- end Google Maps --><\/p>\n","protected":false},"excerpt":{"rendered":"<p>&#8211; LOIC WANNYN Administrateur R\u00e9seaux &#038; Syst\u00e8mes Bienvenue! Je suis Ing\u00e9nieur R\u00e9seaux &amp; Syst\u00e8mes. Je suis titulaire d\u2019un Bachelier en Informatique et Syst\u00e8me (Finalit\u00e9 Technologie de l\u2019Informatique) de la Haute Ecole Louvain en Hainaut (HELHa). Apr\u00e8s avoir achev\u00e9 mes \u00e9tudes, j&rsquo;ai pu rejoindre l&rsquo;\u00e9quipe jeune et dynamique de la SSII Orditech, o\u00f9 j&rsquo;ai pu apprendre<\/p>\n<div class=\"more-link\">\n             <a href=\"https:\/\/www.wannyn.be\/\" class=\"read-more\">Read More<i class=\"fa fa-caret-right\"><\/i><\/a>\n        <\/div>\n","protected":false},"author":1,"featured_media":0,"parent":0,"menu_order":1,"comment_status":"closed","ping_status":"closed","template":"blox_landing_page","meta":[],"_links":{"self":[{"href":"https:\/\/www.wannyn.be\/index.php\/wp-json\/wp\/v2\/pages\/56"}],"collection":[{"href":"https:\/\/www.wannyn.be\/index.php\/wp-json\/wp\/v2\/pages"}],"about":[{"href":"https:\/\/www.wannyn.be\/index.php\/wp-json\/wp\/v2\/types\/page"}],"author":[{"embeddable":true,"href":"https:\/\/www.wannyn.be\/index.php\/wp-json\/wp\/v2\/users\/1"}],"replies":[{"embeddable":true,"href":"https:\/\/www.wannyn.be\/index.php\/wp-json\/wp\/v2\/comments?post=56"}],"version-history":[{"count":26,"href":"https:\/\/www.wannyn.be\/index.php\/wp-json\/wp\/v2\/pages\/56\/revisions"}],"predecessor-version":[{"id":108,"href":"https:\/\/www.wannyn.be\/index.php\/wp-json\/wp\/v2\/pages\/56\/revisions\/108"}],"wp:attachment":[{"href":"https:\/\/www.wannyn.be\/index.php\/wp-json\/wp\/v2\/media?parent=56"}],"curies":[{"name":"wp","href":"https:\/\/api.w.org\/{rel}","templated":true}]}}